{"id":164,"date":"2025-06-02T14:00:29","date_gmt":"2025-06-02T12:00:29","guid":{"rendered":"https:\/\/www.barstacamping.com\/regler-och-trivsel\/"},"modified":"2026-01-21T13:01:14","modified_gmt":"2026-01-21T12:01:14","slug":"regels-en-welzijn","status":"publish","type":"page","link":"https:\/\/www.barstacamping.com\/nl\/regels-en-welzijn\/","title":{"rendered":"Regels en welzijn"},"content":{"rendered":"","protected":false},"excerpt":{"rendered":"","protected":false},"author":1,"featured_media":0,"parent":0,"menu_order":0,"comment_status":"closed","ping_status":"closed","template":"page-regler-och-trivsel-template","meta":{"saved_in_kubio":true,"footnotes":""},"class_list":["post-164","page","type-page","status-publish","hentry"],"kubio_ai_page_context":{"short_desc":"Campingens f\u00f6rh\u00e5llningsregler, parkering, sopor, st\u00e4d, check in , check out","purpose":"general","isFrontPage":false},"_links":{"self":[{"href":"https:\/\/www.barstacamping.com\/nl\/wp-json\/wp\/v2\/pages\/164","targetHints":{"allow":["GET"]}}],"collection":[{"href":"https:\/\/www.barstacamping.com\/nl\/wp-json\/wp\/v2\/pages"}],"about":[{"href":"https:\/\/www.barstacamping.com\/nl\/wp-json\/wp\/v2\/types\/page"}],"author":[{"embeddable":true,"href":"https:\/\/www.barstacamping.com\/nl\/wp-json\/wp\/v2\/users\/1"}],"replies":[{"embeddable":true,"href":"https:\/\/www.barstacamping.com\/nl\/wp-json\/wp\/v2\/comments?post=164"}],"version-history":[{"count":7,"href":"https:\/\/www.barstacamping.com\/nl\/wp-json\/wp\/v2\/pages\/164\/revisions"}],"predecessor-version":[{"id":223,"href":"https:\/\/www.barstacamping.com\/nl\/wp-json\/wp\/v2\/pages\/164\/revisions\/223"}],"wp:attachment":[{"href":"https:\/\/www.barstacamping.com\/nl\/wp-json\/wp\/v2\/media?parent=164"}],"curies":[{"name":"wp","href":"https:\/\/api.w.org\/{rel}","templated":true}]}}