{"id":35,"date":"2024-03-28T15:23:10","date_gmt":"2024-03-28T14:23:10","guid":{"rendered":"https:\/\/www.barstacamping.com\/aktiviteter\/"},"modified":"2025-04-15T11:50:26","modified_gmt":"2025-04-15T09:50:26","slug":"aktivitaten","status":"publish","type":"page","link":"https:\/\/www.barstacamping.com\/de\/aktivitaten\/","title":{"rendered":"Zu tun"},"content":{"rendered":"","protected":false},"excerpt":{"rendered":"","protected":false},"author":1,"featured_media":0,"parent":0,"menu_order":0,"comment_status":"closed","ping_status":"closed","template":"kubio-full-width","meta":{"saved_in_kubio":true,"footnotes":""},"class_list":["post-35","page","type-page","status-publish","hentry"],"kubio_ai_page_context":{"short_desc":"H\u00f6ga kusten erbjuder en rad olika aktiviteter. N\u00e4r du bes\u00f6ker v\u00e5r camping \u00e4r den en perfekt utg\u00e5ngspunkt att ha som bas n\u00e4r du uppt\u00e4cker Nordingr\u00e5 med omnejd.","purpose":"services","isFrontPage":false},"_links":{"self":[{"href":"https:\/\/www.barstacamping.com\/de\/wp-json\/wp\/v2\/pages\/35","targetHints":{"allow":["GET"]}}],"collection":[{"href":"https:\/\/www.barstacamping.com\/de\/wp-json\/wp\/v2\/pages"}],"about":[{"href":"https:\/\/www.barstacamping.com\/de\/wp-json\/wp\/v2\/types\/page"}],"author":[{"embeddable":true,"href":"https:\/\/www.barstacamping.com\/de\/wp-json\/wp\/v2\/users\/1"}],"replies":[{"embeddable":true,"href":"https:\/\/www.barstacamping.com\/de\/wp-json\/wp\/v2\/comments?post=35"}],"version-history":[{"count":4,"href":"https:\/\/www.barstacamping.com\/de\/wp-json\/wp\/v2\/pages\/35\/revisions"}],"predecessor-version":[{"id":144,"href":"https:\/\/www.barstacamping.com\/de\/wp-json\/wp\/v2\/pages\/35\/revisions\/144"}],"wp:attachment":[{"href":"https:\/\/www.barstacamping.com\/de\/wp-json\/wp\/v2\/media?parent=35"}],"curies":[{"name":"wp","href":"https:\/\/api.w.org\/{rel}","templated":true}]}}